{"id":803,"date":"2024-11-19T19:36:50","date_gmt":"2024-11-19T19:36:50","guid":{"rendered":"https:\/\/4pattesamodeler.com\/?page_id=803"},"modified":"2024-11-20T09:09:13","modified_gmt":"2024-11-20T09:09:13","slug":"blog","status":"publish","type":"page","link":"https:\/\/4pattesamodeler.com\/?page_id=803","title":{"rendered":"Blog"},"content":{"rendered":"\t\t<div data-elementor-type=\"wp-page\" data-elementor-id=\"803\" class=\"elementor elementor-803\">\n\t\t\t\t\t\t\t<div class=\"elementor-element elementor-element-11cab32 e-flex e-con-boxed e-con e-parent\" data-id=\"11cab32\" data-element_type=\"container\" data-settings=\"{&quot;content_width&quot;:&quot;boxed&quot;}\" data-core-v316-plus=\"true\">\n\t\t\t\t\t<div class=\"e-con-inner\">\n\t\t\t\t<div class=\"elementor-element elementor-element-75e324e elementor-widget elementor-widget-text-editor\" data-id=\"75e324e\" data-element_type=\"widget\" data-widget_type=\"text-editor.default\">\n\t\t\t\t<div class=\"elementor-widget-container\">\n\t\t\t<style>\/*! elementor - v3.18.0 - 20-12-2023 *\/\n.elementor-widget-text-editor.elementor-drop-cap-view-stacked .elementor-drop-cap{background-color:#69727d;color:#fff}.elementor-widget-text-editor.elementor-drop-cap-view-framed .elementor-drop-cap{color:#69727d;border:3px solid;background-color:transparent}.elementor-widget-text-editor:not(.elementor-drop-cap-view-default) .elementor-drop-cap{margin-top:8px}.elementor-widget-text-editor:not(.elementor-drop-cap-view-default) .elementor-drop-cap-letter{width:1em;height:1em}.elementor-widget-text-editor .elementor-drop-cap{float:left;text-align:center;line-height:1;font-size:50px}.elementor-widget-text-editor .elementor-drop-cap-letter{display:inline-block}<\/style>\t\t\t\t<p><span style=\"color: #0000ff;\"><strong>Comment j&#8217;ai vaincu la r\u00e9activit\u00e9 de Diego (ou comment j&#8217;ai appris tout ce que je sais aujourd&#8217;hui sur la r\u00e9activit\u00e9 canine)<\/strong><\/span><\/p><p>Lorsque j&#8217;ai adopt\u00e9 Diego \u00e0 3 mois, il \u00e9tait comme n&#8217;importe quel chiot : enthousiaste, joueur, c\u00e2lin, mais tout de m\u00eame sensible (abandonn\u00e9 \u00e0 la naissance, le traumatisme refera surface plusieurs ann\u00e9es plus tard, j&#8217;y reviendrai). Nous vivions \u00e0 Bordeaux \u00e0 l&#8217;\u00e9poque, la p\u00e9riph\u00e9rie peu peupl\u00e9e nous convenait parfaitement. Nous \u00e9tions heureux.<\/p><p>La premi\u00e8re mauvaise exp\u00e9rience avec un humain a eu lieu \u00e0 ses 6 mois, lorsque le v\u00e9t\u00e9rinaire dont il avait une peur bleue l&#8217;a violemment attrap\u00e9 par le harnais pour le forcer \u00e0 rentrer en consultation. La deuxi\u00e8me exp\u00e9rience n\u00e9gative, cette fois avec un petit chien, \u00e0 ses 15 mois lorsqu&#8217;il a \u00e9t\u00e9 mordu au mollet. 2 mois plus tard, je ne reconnaissais plus mon chien : il attaquait tous les petits chiens qu&#8217;on croisait, il avait g\u00e9n\u00e9ralis\u00e9 sa peur. Quant aux humains, les espaces \u00e9troits rendaient les croisements extr\u00eamement difficiles, Diego se sentait pris au pi\u00e8ge. Il ne leur faisait plus confiance. Il faut savoir que Diego est un chien extr\u00eamement sensible : il est capable de m&#8217;\u00e9pauler pendant des moments de difficult\u00e9 \u00e9motionnelle \u00e0 l&#8217;instar d&#8217;un chien d&#8217;assistance, mais est \u00e9galement un chien qui marque \u00e0 la premi\u00e8re exp\u00e9rience n\u00e9gative. A l&#8217;\u00e9poque, je n&#8217;\u00e9tais pas form\u00e9e et ne comprenais pas ses inqui\u00e9tudes; je le for\u00e7ais \u00e0 avancer malgr\u00e9 ses refus (chien t\u00eatu ou chien angoiss\u00e9? \u00e0 vous de juger)&#8230;cela s&#8217;est traduit par une r\u00e9activit\u00e9 envers les humains, en laisse et uniquement autour de la maison.\u00a0<\/p><p>Le point de non retour a \u00e9t\u00e9 atteint pendant que je suivais ma formation d&#8217;\u00e9ducateur canin. J&#8217;\u00e9tais \u00e9puis\u00e9e, j&#8217;appr\u00e9hendais chaque sortie et je n&#8217;avais pas suffisamment de recul pour g\u00e9rer correctement la situation. Les critiques sont tomb\u00e9es comme des bombes, notamment de la part de notre entourage proche, Diego \u00e9tait per\u00e7u comme &#8220;un monstre, un toqu\u00e9&#8221;. Ces mots ont r\u00e9sonn\u00e9 comme un tremblement de terre duquel j&#8217;ai encore aujourd&#8217;hui du mal \u00e0 me remettre.<\/p><p>Nous avons \u00e9t\u00e9 accompagn\u00e9s par des super coll\u00e8gues. Diego a \u00e9t\u00e9 plac\u00e9 sous m\u00e9dication lourde pendant 6 mois afin de r\u00e9duire son taux de stress. Les d\u00e9buts de la th\u00e9rapie m\u00e9dicamenteuse ont \u00e9t\u00e9 difficiles, il ne mangeait que tr\u00e8s peu et \u00e9tait compl\u00e8tement amorphe (la m\u00e9dication avait pour effet d&#8217;inhiber tout comportement). Je lui ai laiss\u00e9 le temps de s&#8217;habituer \u00e0 la m\u00e9dication avant de d\u00e9buter les entra\u00eenements. En attendant, il se reposait.<\/p><p>Pendant cette p\u00e9riode, j&#8217;ai mis en place un tableau pour une collecte de donn\u00e9es : qu&#8217;est-ce qui le faisait r\u00e9agir? \u00e0 quel moment de la journ\u00e9e? \u00e0 quelle distance? \u00e0 quel endroit? comment avais-je r\u00e9agi face \u00e0 la situation? etc&#8230; ce tableau a \u00e9t\u00e9 pr\u00e9cieux puisqu&#8217;il m&#8217;a permis d&#8217;analyser les \u00e9v\u00e8nements avec un recul suffisant et d&#8217;adapter les sorties au fur et \u00e0 mesure des progr\u00e8s\/r\u00e9gressions.\u00a0<\/p><p>J&#8217;ai d\u00e9cid\u00e9 de sevrer Diego du traitement m\u00e9dicamenteux au bout de 6 mois, car il avait \u00e9norm\u00e9ment progress\u00e9 ; le sevrage a \u00e9t\u00e9 fait tr\u00e8s progressivement, afin d&#8217;\u00e9viter un effet boomerang&#8230;la r\u00e9activit\u00e9 a refait surface mais pas autant qu&#8217;avant car nous avions d\u00e9j\u00e0 \u00e9norm\u00e9ment progress\u00e9 au niveau r\u00e9\u00e9ducatif. Le travail de connexion s&#8217;est r\u00e9v\u00e9l\u00e9 indispensable.<\/p><p>Consciente que mes \u00e9motions polluaient notre quotidien (Diego est une \u00e9ponge), j&#8217;ai d\u00e9cid\u00e9 de prendre soin de moi en nous offrant une s\u00e9ance de magn\u00e9tisme. Sans rentrer dans les d\u00e9tails, nous avons v\u00e9cu un ascenseur \u00e9motionnel qui nous a lib\u00e9r\u00e9s de plusieurs blocages&#8230;les balades successives n&#8217;\u00e9taient d\u00e9sormais plus aussi infernales et anxiog\u00e8nes.<\/p><p>L&#8217;am\u00e9nagement d&#8217;environnement, des rythmes de balade (je nous ai accord\u00e9 beaucoup plus de repos), le changement d&#8217;alimentation et de v\u00e9t\u00e9rinaire ainsi que le soutien de mes proches, sans jugement, ont \u00e9t\u00e9 pr\u00e9cieux.\u00a0<\/p><p>Au bout d&#8217;un moment, bien que Diego avait fait d&#8217;\u00e9normes progr\u00e8s, je trouvais qu&#8217;il stagnait. Je me suis alors int\u00e9ress\u00e9e \u00e0 la zoopharmacognosie et c&#8217;est l\u00e0 que j&#8217;ai vu \u00e0 quel point les traumatismes \u00e9taient ancr\u00e9s en lui. Ses r\u00e9actions face aux rem\u00e8des cibl\u00e9s sur les \u00e9motions et traumas du pass\u00e9 \u00e9taient fortes, mais je voyais qu&#8217;il en avait besoin pour progresser.<\/p><p>Aujourd&#8217;hui, apr\u00e8s 3 ans de travail, je peux dire que la r\u00e9activit\u00e9 de Diego est r\u00e9siduelle. Il ne tol\u00e8re pas certaines situations, je ne l&#8217;oblige donc pas \u00e0 les subir bien que je travaille toujours pour am\u00e9liorer son seuil de tol\u00e9rance. Contrairement \u00e0 il y a 3 ans, il est aujourd&#8217;hui capable de me faire confiance face \u00e0 une situation stressante. Il m&#8217;accompagne en cours pour aider d&#8217;autres chiens \u00e0 mieux se sentir dans leurs pattes et \u00e7a, c&#8217;est le plus beau cadeau qu&#8217;il puisse me faire. Il \u00e9pate \u00e9galement les humains en demandant de plus en plus d&#8217;interactions.<\/p><p>Ce r\u00e9cit ne retrace qu&#8217;une infime partie de ce que nous avons v\u00e9cu et n&#8217;est certainement pas le plus passionnant. Il a n\u00e9anmoins pour objectif de vous montrer que\u00a0<\/p><p>&#8211; l&#8217;\u00e9ducation n&#8217;est pas synonyme de chien parfait. Assis\/couch\u00e9\/pas bouger ma\u00eetris\u00e9s ne vont pas r\u00e9soudre la r\u00e9activit\u00e9 car il est indispensable de prendre en compte les \u00e9motions li\u00e9es au comportement. Et pour changer une \u00e9motion, cela demande du temps et beaucoup de patience.<\/p><p>&#8211; il est important de se faire accompagner par des professionnels ayant une approche globale (qui puissent vous orienter vers un ost\u00e9opathe, v\u00e9t\u00e9rinaire etc en cas de doute sur une \u00e9ventuelle pathologie sous-jacente)<\/p><p>&#8211; il est important de prendre soin se soi avant de prendre soin de nos chiens. Si nous ne sommes pas dans un \u00e9tat psychologiquement &#8220;serein&#8221;, la cohabitation peut rapidement se transformer en calvaire. Une simple s\u00e9ance de m\u00e9ditation tous les soirs peut aider \u00e0 faire la diff\u00e9rence.<\/p><p>&#8211; enfin, il est indispensable de s&#8217;\u00e9loigner de ce(ux) qui nous fait du mal : le jugement des autres face \u00e0 la r\u00e9activit\u00e9 de notre chien est extr\u00eamement blessant. Sachez que ce qui compte le plus c&#8217;est le bien-\u00eatre de votre bin\u00f4me, pas la perception que les gens ont de vous.<\/p><p>Prenez soin de vous avant de prendre soin de vos chiens.<\/p><p><span style=\"text-decoration: underline;\">Remerciements<\/span> : Eug\u00e9nie, Catherine, Fabrice, Marina, Cl\u00e9mence, Tram-Anh, C\u00e9line, Daniela, Blandine, Lola, Elio, Fr\u00e9d\u00e9rique, M\u00e9lanie, Arnaud, Cl\u00e9ment, Violaine, St\u00e9phane, Alexandra, Karine, Vanessa, Astrid, Marion et tous mes clients qui ont rencontr\u00e9 Diego et n&#8217;ont pas forc\u00e9 le contact. Vous avez tous particip\u00e9 \u00e0 des niveaux diff\u00e9rents au bien-\u00eatre de Diego en nous accordant votre confiance et en nous soutenant \u00e9motionnellement.<\/p><p><!-- \/wp:paragraph --><\/p>\t\t\t\t\t\t<\/div>\n\t\t\t\t<\/div>\n\t\t\t\t\t<\/div>\n\t\t\t\t<\/div>\n\t\t\t\t\t\t\t<\/div>\n\t\t","protected":false},"excerpt":{"rendered":"<p>Comment j&#8217;ai vaincu la r\u00e9activit\u00e9 de Diego (ou comment j&#8217;ai appris tout ce que je&#8230;<\/p>\n","protected":false},"author":1,"featured_media":0,"parent":0,"menu_order":0,"comment_status":"closed","ping_status":"closed","template":"","meta":{"footnotes":""},"class_list":["post-803","page","type-page","status-publish","hentry"],"_links":{"self":[{"href":"https:\/\/4pattesamodeler.com\/index.php?rest_route=\/wp\/v2\/pages\/803","targetHints":{"allow":["GET"]}}],"collection":[{"href":"https:\/\/4pattesamodeler.com\/index.php?rest_route=\/wp\/v2\/pages"}],"about":[{"href":"https:\/\/4pattesamodeler.com\/index.php?rest_route=\/wp\/v2\/types\/page"}],"author":[{"embeddable":true,"href":"https:\/\/4pattesamodeler.com\/index.php?rest_route=\/wp\/v2\/users\/1"}],"replies":[{"embeddable":true,"href":"https:\/\/4pattesamodeler.com\/index.php?rest_route=%2Fwp%2Fv2%2Fcomments&post=803"}],"version-history":[{"count":5,"href":"https:\/\/4pattesamodeler.com\/index.php?rest_route=\/wp\/v2\/pages\/803\/revisions"}],"predecessor-version":[{"id":839,"href":"https:\/\/4pattesamodeler.com\/index.php?rest_route=\/wp\/v2\/pages\/803\/revisions\/839"}],"wp:attachment":[{"href":"https:\/\/4pattesamodeler.com\/index.php?rest_route=%2Fwp%2Fv2%2Fmedia&parent=803"}],"curies":[{"name":"wp","href":"https:\/\/api.w.org\/{rel}","templated":true}]}}