{"id":64,"date":"2023-12-20T18:45:45","date_gmt":"2023-12-20T18:45:45","guid":{"rendered":"https:\/\/4pattesamodeler.com\/?page_id=64"},"modified":"2026-03-06T11:18:31","modified_gmt":"2026-03-06T11:18:31","slug":"mentions-legales","status":"publish","type":"page","link":"https:\/\/4pattesamodeler.com\/?page_id=64","title":{"rendered":"Mentions l\u00e9gales"},"content":{"rendered":"\t\t<div data-elementor-type=\"wp-page\" data-elementor-id=\"64\" class=\"elementor elementor-64\">\n\t\t\t\t\t\t\t<div class=\"elementor-element elementor-element-9ff7268 e-flex e-con-boxed e-con e-parent\" data-id=\"9ff7268\" data-element_type=\"container\" data-settings=\"{&quot;content_width&quot;:&quot;boxed&quot;}\" data-core-v316-plus=\"true\">\n\t\t\t\t\t<div class=\"e-con-inner\">\n\t\t\t\t<div class=\"elementor-element elementor-element-efcfbc0 elementor-widget elementor-widget-text-editor\" data-id=\"efcfbc0\" data-element_type=\"widget\" data-widget_type=\"text-editor.default\">\n\t\t\t\t<div class=\"elementor-widget-container\">\n\t\t\t<style>\/*! elementor - v3.18.0 - 20-12-2023 *\/\n.elementor-widget-text-editor.elementor-drop-cap-view-stacked .elementor-drop-cap{background-color:#69727d;color:#fff}.elementor-widget-text-editor.elementor-drop-cap-view-framed .elementor-drop-cap{color:#69727d;border:3px solid;background-color:transparent}.elementor-widget-text-editor:not(.elementor-drop-cap-view-default) .elementor-drop-cap{margin-top:8px}.elementor-widget-text-editor:not(.elementor-drop-cap-view-default) .elementor-drop-cap-letter{width:1em;height:1em}.elementor-widget-text-editor .elementor-drop-cap{float:left;text-align:center;line-height:1;font-size:50px}.elementor-widget-text-editor .elementor-drop-cap-letter{display:inline-block}<\/style>\t\t\t\t<p>H\u00e9bergeur de site : Namecheap<\/p><p>SIRET: 909 35 888 9000 14<\/p><p>Assurance RCP : Cani Assur<\/p><p>Le m\u00e9tier d&#8217;\u00e9ducateur comportementaliste r\u00e9pond \u00e0 une obligation de moyens. Ainsi, les r\u00e9sultats des s\u00e9ances seront le fruit du travail effectu\u00e9 ensemble mais \u00e9galement par les propri\u00e9taires seuls, entre chaque s\u00e9ance.\u00a0<\/p><div class=\"article-wrapper\"><h2 class=\"legal-h2\">Article 1 : Pr\u00e9ambule<\/h2><p class=\"paragraph inside-article\">Le pr\u00e9sent texte a pour objectif de d\u00e9terminer les droits et obligations d&#8217;Elisabeth TODINI comportementaliste et \u00e9ducateur canin que l\u2019on appellera le Vendeur et de la personne physique ou morale b\u00e9n\u00e9ficiant des services que l\u2019on appellera le Client.<\/p><p>En r\u00e9glant la prestation, le Client d\u00e9clare accepter sans r\u00e9serve les termes de celle-ci ainsi que l\u2019int\u00e9gralit\u00e9 des pr\u00e9sentes conditions g\u00e9n\u00e9rales de vente. Ces derni\u00e8res pr\u00e9vaudront sur toutes autres conditions g\u00e9n\u00e9rales ou particuli\u00e8res non express\u00e9ment agr\u00e9\u00e9es par le Vendeur. Le Vendeur se r\u00e9serve la possibilit\u00e9 de modifier ses conditions g\u00e9n\u00e9rales de vente \u00e0 tout moment sans pr\u00e9avis : les conditions applicables seront celles en vigueur \u00e0 la date de r\u00e8glement par le Client.<\/p><p>Les CGV sont mises \u00e0 disposition du Client sur le site web de l\u2019entreprise : www.4pattesamodeler.com<\/p><div class=\"divider utility-pages\">\u00a0<\/div><\/div><div class=\"article-wrapper\"><h2 class=\"legal-h2\">Article 2 : Domaine d&#8217;intervention et nature des prestations<\/h2><p class=\"paragraph inside-article\">4 Pattes \u00e0 Modeler est une entreprise r\u00e9gie par le statut d\u2019entreprise individuelle non soumis \u00e0 la TVA et qui effectue les services suivants :<\/p><p>*Bilan comportemental<\/p><p>*\u00c9ducation canine domicile et ext\u00e9rieur<\/p><p>*R\u00e9\u00e9ducation<\/p><p>*Balades<\/p><p>*Activit\u00e9 de relation ma\u00eetre\/chien<\/p><p>*Accompagnement adoption<\/p><p>*Pr\u00e9vention morsure enfant\/chien<\/p><p>*Visite \u00e0 domicile chien &amp; chat<\/p><p>*Enrichissement sensoriel\u00a0<\/p><div class=\"subarticle\"><h3 class=\"h3-article\">Bilan comportemental<\/h3><p class=\"paragraph inside-h3-article\">Le Vendeur se d\u00e9place au domicile du Client pour effectuer un entretien comportemental, d\u2019une dur\u00e9e de 1h30 \u00e0 2h, et d\u00e9celer ainsi la cause du comportement dit g\u00eanant, pour proposer un programme de r\u00e9\u00e9ducation comportementale. Le tarif comprend un entretien \u00e0 domicile, un compte-rendu et un suivi t\u00e9l\u00e9phonique, par sms ou par mail.<\/p><p>Avant la prise de rendez-vous comportemental pour de la r\u00e9\u00e9ducation, il pourra \u00eatre demand\u00e9 au client de consulter au pr\u00e9alable son v\u00e9t\u00e9rinaire r\u00e9f\u00e9rent pour le probl\u00e8me de comportement afin de s\u2019assurer que l\u2019origine ne soit pas physiologique.<\/p><\/div><p><strong>Le rdv est confirm\u00e9 \u00e0 la r\u00e9ception d&#8217;un arrhe \u00e9quivalent \u00e0 50% de la prestation, au plus tard 1 semaine avant la date convenue. Dans le cas contraire, le Vendeur envoie un mail d&#8217;annulation du rdv.<\/strong><\/p><p><span style=\"text-decoration: underline;\"><strong>\u00c9ducation canine domicile et ext\u00e9rieur<\/strong><\/span><\/p><div class=\"subarticle\"><p class=\"paragraph inside-h3-article\">Le Vendeur se d\u00e9place au domicile du Client ou dans d\u2019autres lieux selon la probl\u00e9matique pour effectuer une s\u00e9ance d\u2019\u00e9ducation personnalis\u00e9e, d\u2019une dur\u00e9e de 45 \u00e0 50mn, avec le Client et son chien.\u00a0<\/p><p class=\"paragraph inside-h3-article\">Les s\u00e9ances d&#8217;\u00e9ducation se d\u00e9roulent dans un rayon ne d\u00e9passant pas 15km de Fontenay-Le-Fleury (78330).<\/p><p>Le Vendeur impose un d\u00e9lai de 3 ou 6 mois pour l\u2019accomplissement des cours sous forme de forfait. Le Vendeur peut s\u2019adapter au Client pour fixer les cours selon le rythme qu\u2019il lui convient et en fonction des objectifs d\u00e9cid\u00e9s avec le Vendeur. Il conviendra de rappeler au Client que plus les s\u00e9ances sont espac\u00e9es, moins le suivi sera efficace. Un d\u00e9lai de 2 \u00e0 3 semaines maximum est pr\u00e9conis\u00e9 entre 2 s\u00e9ances.<\/p><\/div><p>Toute annulation non justifi\u00e9e dans les 24h qui pr\u00e9c\u00e8dent la s\u00e9ance sera consid\u00e9r\u00e9e comme due (ou d\u00e9compt\u00e9e du forfait le cas \u00e9ch\u00e9ant).<\/p><div class=\"subarticle\"><h3 class=\"h3-article\">R\u00e9\u00e9ducation<\/h3><p class=\"paragraph inside-h3-article\">Avant bilan, il pourrait \u00eatre demand\u00e9 au Client d\u2019aller voir un v\u00e9t\u00e9rinaire pour effectuer une prise de sang compl\u00e8te \u00e0 son animal (T4, T4 libre, T3, T3 libre, cholest\u00e9rol, cortisol (entre 8h et 10h du matin), toxoplasmose, borr\u00e9liose, zinc, cuivre, vitamine B3), ou une coproculture pour d\u00e9pistage de giardiose. Si la demande n\u2019est pas respect\u00e9e, le Vendeur se r\u00e9serve le droit de refuser la prestation.<\/p><p><span style=\"text-decoration: underline;\">R\u00e9activit\u00e9 humains<\/span> : pour des raisons de s\u00e9curit\u00e9, le Vendeur se r\u00e9serve le droit de demander que l\u2019animal porte une museli\u00e8re, quelle que soit la race du chien.<\/p><p>Les s\u00e9ances de r\u00e9\u00e9ducation se font \u00e0 domicile et en ext\u00e9rieur et uniquement sous forme de forfait pour une dur\u00e9e de 45 \u00e0 50mn. Le Vendeur n\u2019impose aucun d\u00e9lai pour l\u2019accomplissement des forfaits. Le Vendeur impose un d\u00e9lai de 3-6 mois pour l\u2019accomplissement des cours sous forme de forfait. Le Vendeur peut s\u2019adapter au Client pour fixer les cours selon le rythme qu\u2019il lui convient et en fonction des objectifs d\u00e9cid\u00e9s avec le Vendeur. Il conviendra de rappeler au Client que plus les s\u00e9ances sont espac\u00e9es, moins le suivi sera efficace. Un d\u00e9lai de 2 \u00e0 3 semaines maximum est pr\u00e9conis\u00e9 entre 2 s\u00e9ances.<\/p><p class=\"paragraph inside-h3-article\">Le Vendeur n&#8217;accepte pas pour le moment les chiens dits de cat\u00e9gorie 1 et 2.<\/p><p class=\"paragraph inside-h3-article\">Pour des raisons de s\u00e9curit\u00e9, ne sont pas accept\u00e9s : les chiennes en chaleur, les chiens malades ou bless\u00e9s, les chiens convalescents.<\/p><p class=\"paragraph inside-h3-article\">Le Vendeur se r\u00e9serve le droit de refuser la prestation ou de reporter la s\u00e9ance programm\u00e9e, si les demandes ci-dessus ne sont pas respect\u00e9es.<\/p><\/div><div class=\"subarticle\"><h3 class=\"h3-article\">Educ-balades<\/h3><p class=\"paragraph inside-h3-article\">Les balades se feront en ext\u00e9rieur pour une dur\u00e9e qui varie entre 30 min et 1h avec des forfaits possibles.<\/p><p>Avant toute balade, un \u00e9change par mail ou par t\u00e9l\u00e9phone sera effectu\u00e9 pour connaitre au mieux votre chien. La mise \u00e0 jour des vaccins est fortement conseill\u00e9e (un vaccicheck a minima). Un antiparasitaire (tiques et puces) ainsi qu\u2019un vermifuge sont \u00e9galement conseill\u00e9s (une coproscopie r\u00e9cente a minima). En cas de suspicion de giardiose, le chien ne sera pas admis en voiture jusqu&#8217;\u00e0 la preuve d&#8217;un test n\u00e9gatif.<\/p><p>Le Vendeur se r\u00e9serve le droit de refuser la prestation \u00e0 n\u2019importe quel moment si les demandes ci-dessus ne sont pas respect\u00e9es. En cas de maladie suite \u00e0 la participation des balades, le Vendeur ne sera pas tenu responsable des dommages.<\/p><p>Sont compris dans la prestation : des itin\u00e9raires diversifi\u00e9s, jeux entre cong\u00e9n\u00e8res,\u00a0compte-rendu avec photos et\/ou vid\u00e9os, friandises et eau \u00e0 volont\u00e9.<\/p><p>Ne sont pas accept\u00e9s : les chiennes en chaleur, m\u00e2les entiers avec comportement harceleur, les chiens fugueurs, les chiens de cat\u00e9gorie 1 et 2.<\/p><p>Les balades collectives se font au nombre de 5 chiens maximum. Avant toute int\u00e9gration d&#8217;un nouveau chien dans le groupe, le propri\u00e9taire du nouveau chien assistera \u00e0 la premi\u00e8re balade par mesure de s\u00e9curit\u00e9.<\/p><\/div><h3>Balade collective<\/h3><p>M\u00eame conditions que les edu-balades concernant l&#8217;aspect sanitaire et comportemental. Ce type de balade se d\u00e9roule en pr\u00e9sence du propri\u00e9taire.<\/p><div class=\"subarticle\"><h3 class=\"h3-article\">Activit\u00e9 de flair<\/h3><p class=\"paragraph inside-h3-article\">Activit\u00e9 qui se d\u00e9roule \u00e0 l\u2019ext\u00e9rieur pour une dur\u00e9e de 30 \u00e0 45mn. Il s&#8217;agit de d\u00e9velopper le flair du chien dans l&#8217;objectif de le d\u00e9penser et\/ou traiter des probl\u00e8mes de comportement.<\/p><p>Le Vendeur n\u2019impose aucun d\u00e9lai pour l\u2019accomplissement des forfaits.<\/p><p>Ne sont pas accept\u00e9s\u00a0: Les chiennes en chaleur, les chiens fugueurs, les chiens ayant des probl\u00e8mes de r\u00e9activit\u00e9 cong\u00e9n\u00e8re et\/ou humain, chiens avec des probl\u00e8mes de sant\u00e9, les chiens de cat\u00e9gorie 1, les chiens de cat\u00e9gorie 2 sans museli\u00e8re et longe\/laisse.<\/p><p>Le Vendeur conseille fortement le Client d\u2019avoir un chien \u00e0 jour dans ses vaccins, trait\u00e9 avec de l\u2019antiparasitaire et vermifug\u00e9. En cas de maladie suite \u00e0 la participation des activit\u00e9s, le Vendeur ne sera pas tenu responsable des dommages.<\/p><\/div><div class=\"subarticle\"><h3 class=\"h3-article\">Accompagnement adoption<\/h3><p class=\"paragraph inside-h3-article\">Le Vendeur interviendra \u00e0 domicile afin de conseiller le Client sur l\u2019adoption d\u2019un animal ou tout autre sujet sur lequel ils se seront mis pr\u00e9alablement en accord (dur\u00e9e environ 1h30).<\/p><p>Ces prestations restent une activit\u00e9 de conseil et suite aux conclusions apport\u00e9es par le Vendeur, le Client reste le seul d\u00e9cideur, le Vendeur ne saurait \u00eatre tenu responsable des choix effectu\u00e9s.<\/p><\/div><div class=\"subarticle\"><h3 class=\"h3-article\">Pr\u00e9vention morsure enfant\/chien<\/h3><p class=\"paragraph inside-h3-article\">Sous forme de s\u00e9ance d\u2019une dur\u00e9e de 45 min ou d\u2019un forfait valable 2 mois, en individuel ou groupe de 4 enfants de 4 \u00e0 12 ans.<\/p><p>Le Vendeur pr\u00e9vient qu\u2019il n\u2019y a aucun chien pendant les s\u00e9ances. Ils sont remplac\u00e9s par des peluches et des chiens gonflables grandeur nature.<\/p><p>Cette prestation est accessible pour les particuliers mais \u00e9galement pour les \u00e9coles pendant le temps scolaire et\/ou p\u00e9riscolaire, pour les centres de loisirs, les MJC, les cin\u00e9mas, les refuges\/associations et les animaleries.<\/p><p>En cas de s\u00e9ance dans un \u00e9tablissement, un responsable doit obligatoirement \u00eatre pr\u00e9sent. En cas de blessures ou tout autre accident, le Vendeur n\u2019est pas tenu responsable de l\u2019accident.<\/p><p>Pour les enfants phobiques, un protocole peut \u00eatre mise en place et sera sous forme de cours individuels.<\/p><\/div><div class=\"subarticle\"><h3 class=\"h3-article\">Visites \u00e0 domicile chien &amp; chat<\/h3><p class=\"paragraph inside-h3-article\">Les visites s\u2019effectuent uniquement au domicile du Client et pour une dur\u00e9e d\u2019une journ\u00e9e, d\u2019une semaine ou d\u2019un week-end (ou plus).<\/p><p>Le Vendeur pr\u00e9vient le Client qu\u2019il y aura un suppl\u00e9ment de 5 \u20ac par animal suppl\u00e9mentaire et que la nourriture, la liti\u00e8re et les \u00e9ventuels m\u00e9dicaments, sont \u00e0 la charge du Client.<\/p><p>Sont compris dans la prestation : le d\u00e9placement et les promenades dans un rayon de 10km. Frais kilom\u00e9triques appliqu\u00e9s au-del\u00e0.<\/p><p>Le Client a pour obligation de transmettre au Vendeur les informations suivantes : probl\u00e8me de comportement, en chaleur ou fugueur, maladies. En cas de non-respect de ces demandes, le Vendeur se r\u00e9serve le droit de refuser n\u2019importe quand la prestation.<\/p><\/div><p>La prestation ne d\u00e9bute qu&#8217;apr\u00e8s le paiement int\u00e9gral de celle-ci.<\/p><div class=\"subarticle\"><h2 class=\"paragraph inside-h3-article\">Article 3 : Obligations du Vendeur<\/h2><\/div><\/div><div class=\"article-wrapper\"><p class=\"paragraph inside-article\">Les obligations du Vendeur sont des obligations de moyens, mais il mettra tout en \u0153uvre pour atteindre au mieux l\u2019objectif d\u00e9termin\u00e9 avec le client.<\/p><p>En aucun cas le Client ne pourra exiger de r\u00e9sultats, ceux-ci \u00e9tant li\u00e9s \u00e0 la capacit\u00e9 et l\u2019implication du Client \u00e0 mettre en application le programme d\u2019\u00e9ducation, mais aussi aux r\u00e9actions propres au chien, \u00eatre vivant dont les r\u00e9actions peuvent \u00eatre impr\u00e9visibles.<\/p><div class=\"divider utility-pages\">\u00a0<\/div><\/div><div class=\"article-wrapper\"><h2 class=\"legal-h2\">Article 4 : R\u00e8gles de d\u00e9ontologie<\/h2><p class=\"paragraph inside-article\">Le Vendeur Elisabeth Todini s\u2019engage \u00e0 proposer \u00e0 sa client\u00e8le des m\u00e9thodes d\u2019\u00e9ducation amicales et positives dans le respect de l\u2019int\u00e9grit\u00e9 physique et psychique du chien, et de continuer \u00e0 se former pour am\u00e9liorer ses comp\u00e9tences.\u00a0<\/p><div class=\"divider utility-pages\">\u00a0<\/div><\/div><div class=\"article-wrapper\"><h2 class=\"legal-h2\">Article 5 : Obligations du client<\/h2><p class=\"paragraph inside-article\">Le Client s\u2019engage \u00e0 mettre \u00e0 disposition du Vendeur tous les moyens n\u00e9cessaires pour la r\u00e9alisation des prestations d\u00e9finies dans le d\u00e9lai convenu.<\/p><p>Le Client devra \u00eatre majeur et capable, disposer de pleine capacit\u00e9 juridique. Le Client devra fournir \u00e0 son chien le mat\u00e9riel recommand\u00e9 par le Vendeur (collier, harnais, longe, museli\u00e8re).<\/p><p>Les conducteurs mineurs mentionn\u00e9s dans le contrat seront syst\u00e9matiquement accompagn\u00e9s d\u2019un Client majeur et capable, et devront pr\u00e9senter une autorisation parentale pour participer aux cours.<\/p><p>Les cours seront exclusivement r\u00e9serv\u00e9s aux Clients, ils ne seront en aucun cas autoris\u00e9s \u00e0 \u00eatre accompagn\u00e9s par des personnes ext\u00e9rieures \u00e0 la prestation. Dans le cas contraire, le Vendeur se r\u00e9serve le droit d\u2019annuler le cours, qui sera consid\u00e9r\u00e9 comme accompli et, le cas \u00e9ch\u00e9ant, d\u00e9compt\u00e9 du forfait.<\/p><p>Lors des cours, il ne sera admis qu\u2019un seul chien par conducteur.<\/p><p>Le client est conscient que le travail personnel est garant du succ\u00e8s de l\u2019entreprise. Si les recommandations n\u2019\u00e9taient pas appliqu\u00e9es, le Vendeur ne saurait \u00eatre tenue pour responsable de l\u2019\u00e9chec du processus.<\/p><p>Lors des s\u00e9ances, le Client doit tenir en laisse son chien, sauf indication contraire du Vendeur dans le cadre d\u2019un exercice d\u2019\u00e9ducation.<\/p><p>Le Client est d\u00e9sign\u00e9 comme le d\u00e9tenteur du chien. Lors des cours, il en a la garde et en est responsable. Le Client est responsable de la bonne tenue de son chien.<\/p><p>En cas de morsure, le propri\u00e9taire du chien mordeur devra le soumettre aux contr\u00f4les v\u00e9t\u00e9rinaires r\u00e9glementaires. Il devra prendre en charge, par l\u2019interm\u00e9diaire de son assurance, les frais entra\u00een\u00e9s par l\u2019accident.<\/p><p>Le Client sera responsable des dommages caus\u00e9s par son chien, sur lui-m\u00eame ou sur autrui.<\/p><div class=\"divider utility-pages\">\u00a0<\/div><\/div><div class=\"article-wrapper\"><div class=\"divider utility-pages\">\u00a0<\/div><\/div><div class=\"article-wrapper\"><h2 class=\"legal-h2\">Article 7 : Engagement, annulation, retard<\/h2><div class=\"subarticle\"><h3 class=\"h3-article\">Engagement<\/h3><p class=\"paragraph inside-h3-article\">Les demandes d\u2019entretien et d\u2019intervention propos\u00e9es par e-mail, formulaire de contact ou par t\u00e9l\u00e9phone engagent le Client \u00e0 compter du d\u00e9but de l\u2019intervention sur le lieu priv\u00e9 de l\u2019entretien.<\/p><\/div><div class=\"subarticle\"><h3 class=\"h3-article\">Annulation<\/h3><p class=\"paragraph inside-h3-article\">Les entretiens ou s\u00e9ances d\u2019\u00e9ducation peuvent \u00eatre annul\u00e9s jusqu\u2019\u00e0 24h \u00e0 l\u2019avance. Pass\u00e9 ce d\u00e9lai, aucun report ou remboursement ne sera effectu\u00e9 et la prestation sera consid\u00e9r\u00e9e comme effectu\u00e9e et due par le Client.<\/p><p>A l\u2019exception d\u2019un impr\u00e9vu qui se passerait le jour m\u00eame et o\u00f9 le Client serait dans l\u2019impossibilit\u00e9 de pr\u00e9venir de l\u2019annulation : accident, d\u00e9c\u00e8s dans la famille (le jour m\u00eame du rendez-vous).<\/p><\/div><div class=\"subarticle\"><h3 class=\"h3-article\">Annulation des forfaits d&#8217;\u00e9ducation<\/h3><p class=\"paragraph inside-h3-article\">Sauf d\u00e9c\u00e8s du chien ou chien gravement malade (cancer g\u00e9n\u00e9ralis\u00e9, paralysie\u2026) et d\u00e9m\u00e9nagement du Client vers une ville \u00e9loign\u00e9e, les forfaits d\u2019\u00e9ducation canine ne sont ni remboursables, ni \u00e9changeables, ni cessibles \u00e0 une autre personne. Tout forfait ne d\u00e9bute que si celui-ci a \u00e9t\u00e9 pr\u00e9alablement r\u00e9gl\u00e9 dans sa totalit\u00e9 (paiement \u00e9chelonn\u00e9 possible).<\/p><p>Si le Vendeur doit exceptionnellement annuler des cours, il s\u2019engage \u00e0 avertir au plus vite le Client et \u00e0 lui proposer une autre date qui conviendrait aux deux parties.<\/p><\/div><div class=\"subarticle\"><h3 class=\"h3-article\">Retard<\/h3><p class=\"paragraph inside-h3-article\">Le Vendeur effectuant ses services au domicile du Client, il est donc soumis aux conditions de la circulation parfois ralentie en fonction de l\u2019heure. Il s\u2019engage donc \u00e0 pr\u00e9venir en cas de retards \u00e9ventuels dans un d\u00e9lai raisonnable.<\/p><p>En revanche, pour toute s\u00e9ance \u00e0 domicile, le Client s\u2019engage \u00e0 \u00eatre pr\u00e9sent \u00e0 son domicile lors de l\u2019arriv\u00e9e du Vendeur. Tout retard \u00e9ventuel serait donc d\u00e9duit de la dur\u00e9e du rendez-vous.<\/p><h3><strong>Outils<\/strong><\/h3><p>Le Vendeur se r\u00e9serve le droit d&#8217;annuler la s\u00e9ance si, le jour de celle-ci, le Client refuse de retirer les outils suivant au chien : collier \u00e9lectrique, collier \u00e9trangleur, torqatus, licol, museli\u00e8re en tissus (\u00e0 remplacer avec une museli\u00e8re adapt\u00e9e). La s\u00e9ance sera consid\u00e9r\u00e9e comme due et d\u00e9compt\u00e9e du forfait le cas \u00e9ch\u00e9ant.<\/p><\/div><\/div><div class=\"article-wrapper\"><h2 class=\"legal-h2\">Article 8 : Tarifs<\/h2><p class=\"paragraph inside-article\">Le Vendeur se r\u00e9serve le droit de modifier ses tarifs \u00e0 tout moment. Les nouveaux tarifs sont affich\u00e9s sur le pr\u00e9sent site ainsi que sur les r\u00e9seaux Facebook, Whatsapp et Instagram.<br \/>De par son statut d\u2019entreprise individuelle, la TVA est non applicable.<\/p><div class=\"divider utility-pages\">\u00a0<\/div><\/div><div class=\"article-wrapper\"><h2 class=\"legal-h2\">Article 9 : Modalit\u00e9s de paiement<\/h2><p class=\"paragraph inside-article\">Le Vendeur accepte le paiement par ch\u00e8que, virement, liquide ou paiement en ligne via la plateforme Resanimo. Les paiements par ch\u00e8ques seront \u00e0 l\u2019ordre de Elisabeth Todini<\/p><p>Pour le service d\u2019\u00e9ducation canine, le Client doit verser la totalit\u00e9 du montant au plus tard en fin de s\u00e9ance si la s\u00e9ance est individuelle. Dans tous les cas, la s\u00e9ance successive n&#8217;est pas valid\u00e9e tant que toutes les s\u00e9ances pass\u00e9es n&#8217;auront pas \u00e9t\u00e9 r\u00e9gl\u00e9es. Un message de rappel est envoy\u00e9 au moins dans les 5 jours qui la pr\u00e9c\u00e8dent ; si le paiement n&#8217;est pas intervenu au plus tard dans les 48h qui pr\u00e9c\u00e8dent la s\u00e9ance, celle-ci est consid\u00e9r\u00e9e comme annul\u00e9e. Pour les forfaits de 5, 8 ou 10 s\u00e9ances, un accord entre le Vendeur et le Client peut \u00eatre mis en place pour un paiement en plusieurs fois. Dans ce cas-l\u00e0 le paiement se fera par plusieurs virements ou ch\u00e8ques, remis lors de la souscription du contrat et qui seront encaiss\u00e9s aux dates valid\u00e9es avec le Client.\u00a0<\/p><p>Le Vendeur se r\u00e9serve le droit de refuser le Client qui aurait fait preuve de mauvaise foi ou qui aurait annul\u00e9 plusieurs fois sans honorer ses engagements.<\/p><p>Conform\u00e9ment aux articles 441-6 c. com. et D. 441-5 c. com., tout retard de paiement entra\u00eene de plein droit, outre les p\u00e9nalit\u00e9s de retard, une obligation pour le d\u00e9biteur de payer une indemnit\u00e9 forfaitaire de 40 \u20ac pour frais de recouvrement.<\/p><p>A partir de Janvier 2025, tout forfait sera soumis \u00e0 la signature d&#8217;un contrat qui sera envoy\u00e9 via la plateforme Resanimo. Toute s\u00e9ance effectu\u00e9e et non r\u00e9gl\u00e9e dans les 10 jours qui pr\u00e9c\u00e8dent la suivante, entra\u00eene l&#8217;annulation syst\u00e9matique (apr\u00e8s rappel) de la s\u00e9ance successive.<\/p><div class=\"divider utility-pages\">\u00a0<\/div><\/div><div class=\"article-wrapper\"><h2 class=\"legal-h2\">Article 10 : Responsabilit\u00e9 civile professionnelle<\/h2><p class=\"paragraph inside-article\">Le Vendeur a souscrit une assurance Responsabilit\u00e9 Civile et Professionnelle pour tous dommages caus\u00e9s aux tiers par votre chien au cours d\u2019une s\u00e9ance d\u2019\u00e9ducation.<\/p><div class=\"divider utility-pages\">\u00a0<\/div><\/div><div class=\"article-wrapper\"><h2 class=\"legal-h2\">Article 11 : Confidentialit\u00e9<\/h2><p class=\"paragraph inside-article\">Elisabeth Todini, \u00e9ducateur et comportementaliste canin s\u2019astreint au secret professionnel dans le cadre de son activit\u00e9 et s\u2019engage \u00e0 ne divulguer aucune information ou confidence relative \u00e0 la vie priv\u00e9e de son Client.<\/p><p>Le Client s\u2019engage, r\u00e9ciproquement, \u00e0 une obligation g\u00e9n\u00e9rale de confidentialit\u00e9 portant sur toute information orale ou \u00e9crite, quel qu\u2019en soit le support, \u00e9chang\u00e9e dans le cadre de la prestation, et ce pendant toute la dur\u00e9e du contrat ainsi qu\u2019apr\u00e8s son \u00e9ch\u00e9ance.<\/p><div class=\"divider utility-pages\">Toute photo ou vid\u00e9o prise lors des s\u00e9ances ne sera publi\u00e9e sur les r\u00e9seaux sociaux du Vendeur qu&#8217;apr\u00e8s l&#8217;accord explicite du Client.<\/div><\/div><div class=\"article-wrapper\"><h2 class=\"legal-h2\">Article 12 : Propri\u00e9t\u00e9 intellectuelle<\/h2><p class=\"paragraph inside-article\">Tous les \u00e9l\u00e9ments relatifs au contenu des prestations et relatifs au site internet du Vendeur, dont l\u2019adresse web est la suivante : www.4pattesamodeler.com restent la propri\u00e9t\u00e9 intellectuelle exclusive du Vendeur.<\/p><p>Il est interdit de reproduire, exploiter, rediffuser, ou utiliser \u00e0 quelque titre que ce soit, m\u00eame partiellement ces \u00e9l\u00e9ments, sous quelque forme que ce soit (version papier, informatique), et ce quelle que soit la langue (anglais, espagnol, italien, allemand\u2026), sans l\u2019accord explicite et formel du Vendeur.<\/p><div class=\"divider utility-pages\">\u00a0<\/div><\/div><div class=\"article-wrapper\"><div class=\"divider utility-pages\">\u00a0<\/div><\/div><div class=\"article-wrapper\"><h2 class=\"legal-h2\">Article 13 : R\u00e8glement des litiges<\/h2><p class=\"paragraph inside-article\">Les parties s\u2019engagent, en cas de litige de quelque nature que ce soit, \u00e0 tenter un r\u00e8glement amiable de ce litige.<br \/>Elles s\u2019engagent \u00e0 faire leur possible pour que ce r\u00e8glement amiable ait toutes les chances d\u2019aboutir et \u00e0 faire preuve de toute la bonne foi n\u00e9cessaire.<\/p><\/div>\t\t\t\t\t\t<\/div>\n\t\t\t\t<\/div>\n\t\t\t\t\t<\/div>\n\t\t\t\t<\/div>\n\t\t\t\t\t\t\t<\/div>\n\t\t","protected":false},"excerpt":{"rendered":"<p>H\u00e9bergeur de site : Namecheap SIRET: 909 35 888 9000 14 Assurance RCP : Cani&#8230;<\/p>\n","protected":false},"author":1,"featured_media":0,"parent":0,"menu_order":0,"comment_status":"closed","ping_status":"closed","template":"","meta":{"footnotes":""},"class_list":["post-64","page","type-page","status-publish","hentry"],"_links":{"self":[{"href":"https:\/\/4pattesamodeler.com\/index.php?rest_route=\/wp\/v2\/pages\/64","targetHints":{"allow":["GET"]}}],"collection":[{"href":"https:\/\/4pattesamodeler.com\/index.php?rest_route=\/wp\/v2\/pages"}],"about":[{"href":"https:\/\/4pattesamodeler.com\/index.php?rest_route=\/wp\/v2\/types\/page"}],"author":[{"embeddable":true,"href":"https:\/\/4pattesamodeler.com\/index.php?rest_route=\/wp\/v2\/users\/1"}],"replies":[{"embeddable":true,"href":"https:\/\/4pattesamodeler.com\/index.php?rest_route=%2Fwp%2Fv2%2Fcomments&post=64"}],"version-history":[{"count":5,"href":"https:\/\/4pattesamodeler.com\/index.php?rest_route=\/wp\/v2\/pages\/64\/revisions"}],"predecessor-version":[{"id":1312,"href":"https:\/\/4pattesamodeler.com\/index.php?rest_route=\/wp\/v2\/pages\/64\/revisions\/1312"}],"wp:attachment":[{"href":"https:\/\/4pattesamodeler.com\/index.php?rest_route=%2Fwp%2Fv2%2Fmedia&parent=64"}],"curies":[{"name":"wp","href":"https:\/\/api.w.org\/{rel}","templated":true}]}}