{"id":26,"date":"2023-12-20T17:22:57","date_gmt":"2023-12-20T17:22:57","guid":{"rendered":"https:\/\/4pattesamodeler.com\/?page_id=26"},"modified":"2024-04-03T09:59:19","modified_gmt":"2024-04-03T09:59:19","slug":"nosework","status":"publish","type":"page","link":"https:\/\/4pattesamodeler.com\/?page_id=26","title":{"rendered":"Nosework &#8211; d\u00e9tection sportive"},"content":{"rendered":"\t\t<div data-elementor-type=\"wp-page\" data-elementor-id=\"26\" class=\"elementor elementor-26\">\n\t\t\t\t\t\t\t<div class=\"elementor-element elementor-element-d446606 e-flex e-con-boxed e-con e-parent\" data-id=\"d446606\" data-element_type=\"container\" data-settings=\"{&quot;content_width&quot;:&quot;boxed&quot;}\" data-core-v316-plus=\"true\">\n\t\t\t\t\t<div class=\"e-con-inner\">\n\t\t<div class=\"elementor-element elementor-element-7cd5e3a e-con-full e-flex e-con e-child\" data-id=\"7cd5e3a\" data-element_type=\"container\" data-settings=\"{&quot;content_width&quot;:&quot;full&quot;}\">\n\t\t\t\t<div class=\"elementor-element elementor-element-db5f508 elementor-widget elementor-widget-image\" data-id=\"db5f508\" data-element_type=\"widget\" data-widget_type=\"image.default\">\n\t\t\t\t<div class=\"elementor-widget-container\">\n\t\t\t<style>\/*! elementor - v3.18.0 - 20-12-2023 *\/\n.elementor-widget-image{text-align:center}.elementor-widget-image a{display:inline-block}.elementor-widget-image a img[src$=\".svg\"]{width:48px}.elementor-widget-image img{vertical-align:middle;display:inline-block}<\/style>\t\t\t\t\t\t\t\t\t\t\t\t<img fetchpriority=\"high\" decoding=\"async\" width=\"640\" height=\"905\" src=\"https:\/\/4pattesamodeler.com\/wp-content\/uploads\/2023\/12\/Pink-and-Maroon-Spa-Calming-Beauty-Spa-Flyer-2-724x1024.png\" class=\"attachment-large size-large wp-image-119\" alt=\"\" srcset=\"https:\/\/4pattesamodeler.com\/wp-content\/uploads\/2023\/12\/Pink-and-Maroon-Spa-Calming-Beauty-Spa-Flyer-2-724x1024.png 724w, https:\/\/4pattesamodeler.com\/wp-content\/uploads\/2023\/12\/Pink-and-Maroon-Spa-Calming-Beauty-Spa-Flyer-2-212x300.png 212w, https:\/\/4pattesamodeler.com\/wp-content\/uploads\/2023\/12\/Pink-and-Maroon-Spa-Calming-Beauty-Spa-Flyer-2-768x1086.png 768w, https:\/\/4pattesamodeler.com\/wp-content\/uploads\/2023\/12\/Pink-and-Maroon-Spa-Calming-Beauty-Spa-Flyer-2-1086x1536.png 1086w, https:\/\/4pattesamodeler.com\/wp-content\/uploads\/2023\/12\/Pink-and-Maroon-Spa-Calming-Beauty-Spa-Flyer-2-300x424.png 300w, https:\/\/4pattesamodeler.com\/wp-content\/uploads\/2023\/12\/Pink-and-Maroon-Spa-Calming-Beauty-Spa-Flyer-2-850x1202.png 850w, https:\/\/4pattesamodeler.com\/wp-content\/uploads\/2023\/12\/Pink-and-Maroon-Spa-Calming-Beauty-Spa-Flyer-2.png 1414w\" sizes=\"(max-width: 640px) 100vw, 640px\" \/>\t\t\t\t\t\t\t\t\t\t\t\t\t\t\t<\/div>\n\t\t\t\t<\/div>\n\t\t\t\t<\/div>\n\t\t\t\t\t<\/div>\n\t\t\t\t<\/div>\n\t\t<div class=\"elementor-element elementor-element-7346ab6 e-flex e-con-boxed e-con e-parent\" data-id=\"7346ab6\" data-element_type=\"container\" data-settings=\"{&quot;content_width&quot;:&quot;boxed&quot;}\" data-core-v316-plus=\"true\">\n\t\t\t\t\t<div class=\"e-con-inner\">\n\t\t<div class=\"elementor-element elementor-element-4b37979 e-con-full e-flex e-con e-child\" data-id=\"4b37979\" data-element_type=\"container\" data-settings=\"{&quot;content_width&quot;:&quot;full&quot;}\">\n\t\t\t\t<div class=\"elementor-element elementor-element-a33a130 elementor-widget elementor-widget-text-editor\" data-id=\"a33a130\" data-element_type=\"widget\" data-widget_type=\"text-editor.default\">\n\t\t\t\t<div class=\"elementor-widget-container\">\n\t\t\t<style>\/*! elementor - v3.18.0 - 20-12-2023 *\/\n.elementor-widget-text-editor.elementor-drop-cap-view-stacked .elementor-drop-cap{background-color:#69727d;color:#fff}.elementor-widget-text-editor.elementor-drop-cap-view-framed .elementor-drop-cap{color:#69727d;border:3px solid;background-color:transparent}.elementor-widget-text-editor:not(.elementor-drop-cap-view-default) .elementor-drop-cap{margin-top:8px}.elementor-widget-text-editor:not(.elementor-drop-cap-view-default) .elementor-drop-cap-letter{width:1em;height:1em}.elementor-widget-text-editor .elementor-drop-cap{float:left;text-align:center;line-height:1;font-size:50px}.elementor-widget-text-editor .elementor-drop-cap-letter{display:inline-block}<\/style>\t\t\t\t<p>Pour avoir un aper\u00e7u de nos entra\u00eenements, voici quelques vid\u00e9os de Diego :<\/p><p><span style=\"color: #0000ff;\"><a style=\"color: #0000ff;\" href=\"https:\/\/fb.watch\/p4qFRP2r85\/\">https:\/\/fb.watch\/p4qFRP2r85\/<\/a><\/span><\/p><p><span style=\"color: #0000ff;\"><a style=\"color: #0000ff;\" href=\"https:\/\/fb.watch\/p4qLuqv6pV\/\">https:\/\/fb.watch\/p4qLuqv6pV\/<\/a><\/span><\/p><p><span style=\"color: #0000ff;\"><a style=\"color: #0000ff;\" href=\"https:\/\/fb.watch\/p4qO197Svg\/\">https:\/\/fb.watch\/p4qO197Svg\/<\/a><\/span><\/p><p><a href=\"https:\/\/fb.watch\/qadPFFWRPz\/\">https:\/\/fb.watch\/qadPFFWRPz\/<\/a><\/p>\t\t\t\t\t\t<\/div>\n\t\t\t\t<\/div>\n\t\t\t\t<\/div>\n\t\t<div class=\"elementor-element elementor-element-efcfbba e-con-full e-flex e-con e-child\" data-id=\"efcfbba\" data-element_type=\"container\" data-settings=\"{&quot;content_width&quot;:&quot;full&quot;}\">\n\t\t\t\t<div class=\"elementor-element elementor-element-7082a50 elementor-widget elementor-widget-text-editor\" data-id=\"7082a50\" data-element_type=\"widget\" data-widget_type=\"text-editor.default\">\n\t\t\t\t<div class=\"elementor-widget-container\">\n\t\t\t\t\t\t\t<p>En attendant de pouvoir vous proposer l&#8217;activit\u00e9 de nosework, je propose du <span style=\"color: #0000ff;\"><a style=\"color: #0000ff;\" href=\"https:\/\/4pattesamodeler.com\/?page_id=2\">pistage de loisirs<\/a><\/span>. Cette activit\u00e9 a toujours pour objectif de d\u00e9penser votre chien, mais cette fois en r\u00e9alisant une recherche d&#8217;un point A \u00e0 un point B, sur une piste plus ou moins longue et complexe.<\/p><p>Aucune activit\u00e9 de flair par temp\u00e9ratures n\u00e9gatives et +30\u00b0<\/p>\t\t\t\t\t\t<\/div>\n\t\t\t\t<\/div>\n\t\t\t\t<\/div>\n\t\t\t\t\t<\/div>\n\t\t\t\t<\/div>\n\t\t<div class=\"elementor-element elementor-element-1af5b3b e-flex e-con-boxed e-con e-parent\" data-id=\"1af5b3b\" data-element_type=\"container\" data-settings=\"{&quot;content_width&quot;:&quot;boxed&quot;}\" data-core-v316-plus=\"true\">\n\t\t\t\t\t<div class=\"e-con-inner\">\n\t\t<div class=\"elementor-element elementor-element-9eb399b e-con-full e-flex e-con e-child\" data-id=\"9eb399b\" data-element_type=\"container\" data-settings=\"{&quot;content_width&quot;:&quot;full&quot;}\">\n\t\t\t\t<div class=\"elementor-element elementor-element-63df39a elementor-widget elementor-widget-image\" data-id=\"63df39a\" data-element_type=\"widget\" data-widget_type=\"image.default\">\n\t\t\t\t<div class=\"elementor-widget-container\">\n\t\t\t\t\t\t\t\t\t\t\t\t\t\t\t<img decoding=\"async\" width=\"640\" height=\"905\" src=\"https:\/\/4pattesamodeler.com\/wp-content\/uploads\/2023\/12\/Pink-and-Maroon-Spa-Calming-Beauty-Spa-Flyer-724x1024.png\" class=\"attachment-large size-large wp-image-278\" alt=\"\" srcset=\"https:\/\/4pattesamodeler.com\/wp-content\/uploads\/2023\/12\/Pink-and-Maroon-Spa-Calming-Beauty-Spa-Flyer-724x1024.png 724w, https:\/\/4pattesamodeler.com\/wp-content\/uploads\/2023\/12\/Pink-and-Maroon-Spa-Calming-Beauty-Spa-Flyer-212x300.png 212w, https:\/\/4pattesamodeler.com\/wp-content\/uploads\/2023\/12\/Pink-and-Maroon-Spa-Calming-Beauty-Spa-Flyer-768x1086.png 768w, https:\/\/4pattesamodeler.com\/wp-content\/uploads\/2023\/12\/Pink-and-Maroon-Spa-Calming-Beauty-Spa-Flyer-1086x1536.png 1086w, https:\/\/4pattesamodeler.com\/wp-content\/uploads\/2023\/12\/Pink-and-Maroon-Spa-Calming-Beauty-Spa-Flyer-300x424.png 300w, https:\/\/4pattesamodeler.com\/wp-content\/uploads\/2023\/12\/Pink-and-Maroon-Spa-Calming-Beauty-Spa-Flyer-850x1202.png 850w, https:\/\/4pattesamodeler.com\/wp-content\/uploads\/2023\/12\/Pink-and-Maroon-Spa-Calming-Beauty-Spa-Flyer.png 1414w\" sizes=\"(max-width: 640px) 100vw, 640px\" \/>\t\t\t\t\t\t\t\t\t\t\t\t\t\t\t<\/div>\n\t\t\t\t<\/div>\n\t\t\t\t<\/div>\n\t\t<div class=\"elementor-element elementor-element-5d4725b e-con-full e-flex e-con e-child\" data-id=\"5d4725b\" data-element_type=\"container\" data-settings=\"{&quot;content_width&quot;:&quot;full&quot;}\">\n\t\t\t\t<div class=\"elementor-element elementor-element-3741544 elementor-widget elementor-widget-video\" data-id=\"3741544\" data-element_type=\"widget\" data-settings=\"{&quot;video_type&quot;:&quot;hosted&quot;,&quot;controls&quot;:&quot;yes&quot;}\" data-widget_type=\"video.default\">\n\t\t\t\t<div class=\"elementor-widget-container\">\n\t\t\t<style>\/*! elementor - v3.18.0 - 20-12-2023 *\/\n.elementor-widget-video .elementor-widget-container{overflow:hidden;transform:translateZ(0)}.elementor-widget-video .elementor-wrapper{aspect-ratio:var(--video-aspect-ratio)}.elementor-widget-video .elementor-wrapper iframe,.elementor-widget-video .elementor-wrapper video{height:100%;width:100%;display:flex;border:none;background-color:#000}@supports not (aspect-ratio:1\/1){.elementor-widget-video .elementor-wrapper{position:relative;overflow:hidden;height:0;padding-bottom:calc(100% \/ var(--video-aspect-ratio))}.elementor-widget-video .elementor-wrapper iframe,.elementor-widget-video .elementor-wrapper video{position:absolute;top:0;right:0;bottom:0;left:0}}.elementor-widget-video .elementor-open-inline .elementor-custom-embed-image-overlay{position:absolute;top:0;right:0;bottom:0;left:0;background-size:cover;background-position:50%}.elementor-widget-video .elementor-custom-embed-image-overlay{cursor:pointer;text-align:center}.elementor-widget-video .elementor-custom-embed-image-overlay:hover .elementor-custom-embed-play i{opacity:1}.elementor-widget-video .elementor-custom-embed-image-overlay img{display:block;width:100%;aspect-ratio:var(--video-aspect-ratio);-o-object-fit:cover;object-fit:cover;-o-object-position:center center;object-position:center center}@supports not (aspect-ratio:1\/1){.elementor-widget-video .elementor-custom-embed-image-overlay{position:relative;overflow:hidden;height:0;padding-bottom:calc(100% \/ var(--video-aspect-ratio))}.elementor-widget-video .elementor-custom-embed-image-overlay img{position:absolute;top:0;right:0;bottom:0;left:0}}.elementor-widget-video .e-hosted-video .elementor-video{-o-object-fit:cover;object-fit:cover}.e-con-inner>.elementor-widget-video,.e-con>.elementor-widget-video{width:var(--container-widget-width);--flex-grow:var(--container-widget-flex-grow)}<\/style>\t\t<div class=\"e-hosted-video elementor-wrapper elementor-open-inline\">\n\t\t\t\t\t<video class=\"elementor-video\" src=\"https:\/\/4pattesamodeler.com\/wp-content\/uploads\/2024\/02\/10000000_7159666257473689_2662101795603006209_n.mp4\" controls=\"\" preload=\"metadata\" controlsList=\"nodownload\"><\/video>\n\t\t\t\t<\/div>\n\t\t\t\t<\/div>\n\t\t\t\t<\/div>\n\t\t\t\t<\/div>\n\t\t\t\t\t<\/div>\n\t\t\t\t<\/div>\n\t\t<div class=\"elementor-element elementor-element-bda7a3c e-flex e-con-boxed e-con e-parent\" data-id=\"bda7a3c\" data-element_type=\"container\" data-settings=\"{&quot;content_width&quot;:&quot;boxed&quot;}\" data-core-v316-plus=\"true\">\n\t\t\t\t\t<div class=\"e-con-inner\">\n\t\t<div class=\"elementor-element elementor-element-eb6d270 e-con-full e-flex e-con e-child\" data-id=\"eb6d270\" data-element_type=\"container\" data-settings=\"{&quot;content_width&quot;:&quot;full&quot;}\">\n\t\t\t\t<div class=\"elementor-element elementor-element-b6f7632 elementor-widget elementor-widget-text-editor\" data-id=\"b6f7632\" data-element_type=\"widget\" data-widget_type=\"text-editor.default\">\n\t\t\t\t<div class=\"elementor-widget-container\">\n\t\t\t\t\t\t\t<p><span style=\"text-decoration: underline; color: #ff99cc;\"><em><strong>Mat\u00e9riel Nosework<\/strong><\/em><\/span>:<\/p><p>*harnais ou collier plat<\/p><p>*laisse de 3m (sans poign\u00e9e de pr\u00e9f\u00e9rence)<\/p><p>*friandises humides ou jouet de tr\u00e8s haute valeur (cela d\u00e9pend des pr\u00e9f\u00e9rences de chaque chien)<\/p><p>*bouteille d&#8217;eau<\/p>\t\t\t\t\t\t<\/div>\n\t\t\t\t<\/div>\n\t\t\t\t<\/div>\n\t\t<div class=\"elementor-element elementor-element-fe59655 e-con-full e-flex e-con e-child\" data-id=\"fe59655\" data-element_type=\"container\" data-settings=\"{&quot;content_width&quot;:&quot;full&quot;}\">\n\t\t\t\t<div class=\"elementor-element elementor-element-2f23863 elementor-widget elementor-widget-text-editor\" data-id=\"2f23863\" data-element_type=\"widget\" data-widget_type=\"text-editor.default\">\n\t\t\t\t<div class=\"elementor-widget-container\">\n\t\t\t\t\t\t\t<p><em><span style=\"text-decoration: underline;\"><strong><span style=\"color: #ff99cc; text-decoration: underline;\">Mat\u00e9riel activit\u00e9s de flair:<\/span><\/strong><\/span><\/em><\/p><p>*harnais<\/p><p>*longe de 8-10m<\/p><p>*friandises humides ou jouet<\/p><p>*tissus portant vos odeurs, ferm\u00e9s dans un sac herm\u00e9tique<\/p><p>*bouteille d&#8217;eau<\/p>\t\t\t\t\t\t<\/div>\n\t\t\t\t<\/div>\n\t\t\t\t<\/div>\n\t\t\t\t\t<\/div>\n\t\t\t\t<\/div>\n\t\t<div class=\"elementor-element elementor-element-1e8d2cc e-flex e-con-boxed e-con e-parent\" data-id=\"1e8d2cc\" data-element_type=\"container\" data-settings=\"{&quot;content_width&quot;:&quot;boxed&quot;}\" data-core-v316-plus=\"true\">\n\t\t\t\t\t<div class=\"e-con-inner\">\n\t\t\t\t<div class=\"elementor-element elementor-element-6880dfe elementor-widget elementor-widget-image\" data-id=\"6880dfe\" data-element_type=\"widget\" data-widget_type=\"image.default\">\n\t\t\t\t<div class=\"elementor-widget-container\">\n\t\t\t\t\t\t\t\t\t\t\t\t\t\t\t<img decoding=\"async\" width=\"640\" height=\"430\" src=\"https:\/\/4pattesamodeler.com\/wp-content\/uploads\/2024\/03\/430045705_5863159523808702_7200579509654467542_n-1024x688.jpg\" class=\"attachment-large size-large wp-image-485\" alt=\"\" srcset=\"https:\/\/4pattesamodeler.com\/wp-content\/uploads\/2024\/03\/430045705_5863159523808702_7200579509654467542_n-1024x688.jpg 1024w, https:\/\/4pattesamodeler.com\/wp-content\/uploads\/2024\/03\/430045705_5863159523808702_7200579509654467542_n-300x202.jpg 300w, https:\/\/4pattesamodeler.com\/wp-content\/uploads\/2024\/03\/430045705_5863159523808702_7200579509654467542_n-768x516.jpg 768w, https:\/\/4pattesamodeler.com\/wp-content\/uploads\/2024\/03\/430045705_5863159523808702_7200579509654467542_n-850x571.jpg 850w, https:\/\/4pattesamodeler.com\/wp-content\/uploads\/2024\/03\/430045705_5863159523808702_7200579509654467542_n.jpg 1080w\" sizes=\"(max-width: 640px) 100vw, 640px\" \/>\t\t\t\t\t\t\t\t\t\t\t\t\t\t\t<\/div>\n\t\t\t\t<\/div>\n\t\t\t\t\t<\/div>\n\t\t\t\t<\/div>\n\t\t\t\t\t\t\t<\/div>\n\t\t","protected":false},"excerpt":{"rendered":"<p>Pour avoir un aper\u00e7u de nos entra\u00eenements, voici quelques vid\u00e9os de Diego : https:\/\/fb.watch\/p4qFRP2r85\/ https:\/\/fb.watch\/p4qLuqv6pV\/&#8230;<\/p>\n","protected":false},"author":1,"featured_media":0,"parent":0,"menu_order":0,"comment_status":"closed","ping_status":"closed","template":"","meta":{"footnotes":""},"class_list":["post-26","page","type-page","status-publish","hentry"],"_links":{"self":[{"href":"https:\/\/4pattesamodeler.com\/index.php?rest_route=\/wp\/v2\/pages\/26","targetHints":{"allow":["GET"]}}],"collection":[{"href":"https:\/\/4pattesamodeler.com\/index.php?rest_route=\/wp\/v2\/pages"}],"about":[{"href":"https:\/\/4pattesamodeler.com\/index.php?rest_route=\/wp\/v2\/types\/page"}],"author":[{"embeddable":true,"href":"https:\/\/4pattesamodeler.com\/index.php?rest_route=\/wp\/v2\/users\/1"}],"replies":[{"embeddable":true,"href":"https:\/\/4pattesamodeler.com\/index.php?rest_route=%2Fwp%2Fv2%2Fcomments&post=26"}],"version-history":[{"count":6,"href":"https:\/\/4pattesamodeler.com\/index.php?rest_route=\/wp\/v2\/pages\/26\/revisions"}],"predecessor-version":[{"id":516,"href":"https:\/\/4pattesamodeler.com\/index.php?rest_route=\/wp\/v2\/pages\/26\/revisions\/516"}],"wp:attachment":[{"href":"https:\/\/4pattesamodeler.com\/index.php?rest_route=%2Fwp%2Fv2%2Fmedia&parent=26"}],"curies":[{"name":"wp","href":"https:\/\/api.w.org\/{rel}","templated":true}]}}