{"id":2,"date":"2023-12-20T11:21:26","date_gmt":"2023-12-20T11:21:26","guid":{"rendered":"https:\/\/4pattesamodeler.com\/?page_id=2"},"modified":"2026-04-12T11:45:54","modified_gmt":"2026-04-12T11:45:54","slug":"sample-page","status":"publish","type":"page","link":"https:\/\/4pattesamodeler.com\/?page_id=2","title":{"rendered":"Prestations et tarifs"},"content":{"rendered":"\t\t<div data-elementor-type=\"wp-page\" data-elementor-id=\"2\" class=\"elementor elementor-2\">\n\t\t\t\t\t\t\t<div class=\"elementor-element elementor-element-de653e8 e-flex e-con-boxed e-con e-parent\" data-id=\"de653e8\" data-element_type=\"container\" data-settings=\"{&quot;content_width&quot;:&quot;boxed&quot;}\" data-core-v316-plus=\"true\">\n\t\t\t\t\t<div class=\"e-con-inner\">\n\t\t\t\t<div class=\"elementor-element elementor-element-34988ce elementor-widget elementor-widget-text-editor\" data-id=\"34988ce\" data-element_type=\"widget\" data-widget_type=\"text-editor.default\">\n\t\t\t\t<div class=\"elementor-widget-container\">\n\t\t\t<style>\/*! elementor - v3.18.0 - 20-12-2023 *\/\n.elementor-widget-text-editor.elementor-drop-cap-view-stacked .elementor-drop-cap{background-color:#69727d;color:#fff}.elementor-widget-text-editor.elementor-drop-cap-view-framed .elementor-drop-cap{color:#69727d;border:3px solid;background-color:transparent}.elementor-widget-text-editor:not(.elementor-drop-cap-view-default) .elementor-drop-cap{margin-top:8px}.elementor-widget-text-editor:not(.elementor-drop-cap-view-default) .elementor-drop-cap-letter{width:1em;height:1em}.elementor-widget-text-editor .elementor-drop-cap{float:left;text-align:center;line-height:1;font-size:50px}.elementor-widget-text-editor .elementor-drop-cap-letter{display:inline-block}<\/style>\t\t\t\t<p>Avant toute r\u00e9servation, je vous invite \u00e0 lire attentivement les mentions l\u00e9gales.<\/p>\n<p>*Compte tenu des r\u00e9centes annulations, un arrhe de 50% sera demand\u00e9 avant toute confirmation du bilan comportemental*<\/p>\n<p><b><u>Pour les prestations Zoopharmacognosie appliqu\u00e9e, M\u00e9dical training et Nosework, cliquez sur le menu d\u00e9roulant<\/u><\/b> \ud83d\ude42&nbsp;<\/p>\t\t\t\t\t\t<\/div>\n\t\t\t\t<\/div>\n\t\t\t\t\t<\/div>\n\t\t\t\t<\/div>\n\t\t<div class=\"elementor-element elementor-element-489bb46 e-flex e-con-boxed e-con e-parent\" data-id=\"489bb46\" data-element_type=\"container\" data-settings=\"{&quot;content_width&quot;:&quot;boxed&quot;}\" data-core-v316-plus=\"true\">\n\t\t\t\t\t<div class=\"e-con-inner\">\n\t\t\t\t<div class=\"elementor-element elementor-element-852f7d0 elementor-widget elementor-widget-image\" data-id=\"852f7d0\" data-element_type=\"widget\" data-widget_type=\"image.default\">\n\t\t\t\t<div class=\"elementor-widget-container\">\n\t\t\t<style>\/*! elementor - v3.18.0 - 20-12-2023 *\/\n.elementor-widget-image{text-align:center}.elementor-widget-image a{display:inline-block}.elementor-widget-image a img[src$=\".svg\"]{width:48px}.elementor-widget-image img{vertical-align:middle;display:inline-block}<\/style>\t\t\t\t\t\t\t\t\t\t\t\t<img fetchpriority=\"high\" decoding=\"async\" width=\"300\" height=\"424\" src=\"https:\/\/4pattesamodeler.com\/wp-content\/uploads\/2026\/03\/1-1-300x424.png\" class=\"attachment-post-thumbnail size-post-thumbnail wp-image-1332\" alt=\"\" srcset=\"https:\/\/4pattesamodeler.com\/wp-content\/uploads\/2026\/03\/1-1-300x424.png 300w, https:\/\/4pattesamodeler.com\/wp-content\/uploads\/2026\/03\/1-1-212x300.png 212w, https:\/\/4pattesamodeler.com\/wp-content\/uploads\/2026\/03\/1-1-724x1024.png 724w, https:\/\/4pattesamodeler.com\/wp-content\/uploads\/2026\/03\/1-1-768x1086.png 768w, https:\/\/4pattesamodeler.com\/wp-content\/uploads\/2026\/03\/1-1-1086x1536.png 1086w, https:\/\/4pattesamodeler.com\/wp-content\/uploads\/2026\/03\/1-1-850x1202.png 850w, https:\/\/4pattesamodeler.com\/wp-content\/uploads\/2026\/03\/1-1.png 1414w\" sizes=\"(max-width: 300px) 100vw, 300px\" \/>\t\t\t\t\t\t\t\t\t\t\t\t\t\t\t<\/div>\n\t\t\t\t<\/div>\n\t\t\t\t\t<\/div>\n\t\t\t\t<\/div>\n\t\t<div class=\"elementor-element elementor-element-222e537 e-flex e-con-boxed e-con e-parent\" data-id=\"222e537\" data-element_type=\"container\" data-settings=\"{&quot;content_width&quot;:&quot;boxed&quot;}\" data-core-v316-plus=\"true\">\n\t\t\t\t\t<div class=\"e-con-inner\">\n\t\t<div class=\"elementor-element elementor-element-a5245e0 e-con-full e-flex e-con e-child\" data-id=\"a5245e0\" data-element_type=\"container\" data-settings=\"{&quot;content_width&quot;:&quot;full&quot;}\">\n\t\t\t\t<div class=\"elementor-element elementor-element-e6b93c4 elementor-widget elementor-widget-image\" data-id=\"e6b93c4\" data-element_type=\"widget\" data-widget_type=\"image.default\">\n\t\t\t\t<div class=\"elementor-widget-container\">\n\t\t\t\t\t\t\t\t\t\t\t\t\t\t\t<img decoding=\"async\" width=\"640\" height=\"905\" src=\"https:\/\/4pattesamodeler.com\/wp-content\/uploads\/2026\/04\/Beige-Noir-Elegant-Minimaliste-Liste-Prestation-et-Tarifs-Photographe-Document-A4-724x1024.png\" class=\"attachment-large size-large wp-image-1347\" alt=\"\" srcset=\"https:\/\/4pattesamodeler.com\/wp-content\/uploads\/2026\/04\/Beige-Noir-Elegant-Minimaliste-Liste-Prestation-et-Tarifs-Photographe-Document-A4-724x1024.png 724w, https:\/\/4pattesamodeler.com\/wp-content\/uploads\/2026\/04\/Beige-Noir-Elegant-Minimaliste-Liste-Prestation-et-Tarifs-Photographe-Document-A4-212x300.png 212w, https:\/\/4pattesamodeler.com\/wp-content\/uploads\/2026\/04\/Beige-Noir-Elegant-Minimaliste-Liste-Prestation-et-Tarifs-Photographe-Document-A4-768x1086.png 768w, https:\/\/4pattesamodeler.com\/wp-content\/uploads\/2026\/04\/Beige-Noir-Elegant-Minimaliste-Liste-Prestation-et-Tarifs-Photographe-Document-A4-1086x1536.png 1086w, https:\/\/4pattesamodeler.com\/wp-content\/uploads\/2026\/04\/Beige-Noir-Elegant-Minimaliste-Liste-Prestation-et-Tarifs-Photographe-Document-A4-300x424.png 300w, https:\/\/4pattesamodeler.com\/wp-content\/uploads\/2026\/04\/Beige-Noir-Elegant-Minimaliste-Liste-Prestation-et-Tarifs-Photographe-Document-A4-850x1202.png 850w, https:\/\/4pattesamodeler.com\/wp-content\/uploads\/2026\/04\/Beige-Noir-Elegant-Minimaliste-Liste-Prestation-et-Tarifs-Photographe-Document-A4.png 1414w\" sizes=\"(max-width: 640px) 100vw, 640px\" \/>\t\t\t\t\t\t\t\t\t\t\t\t\t\t\t<\/div>\n\t\t\t\t<\/div>\n\t\t\t\t<\/div>\n\t\t<div class=\"elementor-element elementor-element-b6eba1a e-con-full e-flex e-con e-child\" data-id=\"b6eba1a\" data-element_type=\"container\" data-settings=\"{&quot;content_width&quot;:&quot;full&quot;}\">\n\t\t\t\t<div class=\"elementor-element elementor-element-ce4b9f1 elementor-widget elementor-widget-image\" data-id=\"ce4b9f1\" data-element_type=\"widget\" data-widget_type=\"image.default\">\n\t\t\t\t<div class=\"elementor-widget-container\">\n\t\t\t\t\t\t\t\t\t\t\t\t\t\t\t<img decoding=\"async\" width=\"640\" height=\"905\" src=\"https:\/\/4pattesamodeler.com\/wp-content\/uploads\/2026\/03\/3-724x1024.png\" class=\"attachment-large size-large wp-image-1334\" alt=\"\" srcset=\"https:\/\/4pattesamodeler.com\/wp-content\/uploads\/2026\/03\/3-724x1024.png 724w, https:\/\/4pattesamodeler.com\/wp-content\/uploads\/2026\/03\/3-212x300.png 212w, https:\/\/4pattesamodeler.com\/wp-content\/uploads\/2026\/03\/3-768x1086.png 768w, https:\/\/4pattesamodeler.com\/wp-content\/uploads\/2026\/03\/3-1086x1536.png 1086w, https:\/\/4pattesamodeler.com\/wp-content\/uploads\/2026\/03\/3-300x424.png 300w, https:\/\/4pattesamodeler.com\/wp-content\/uploads\/2026\/03\/3-850x1202.png 850w, https:\/\/4pattesamodeler.com\/wp-content\/uploads\/2026\/03\/3.png 1414w\" sizes=\"(max-width: 640px) 100vw, 640px\" \/>\t\t\t\t\t\t\t\t\t\t\t\t\t\t\t<\/div>\n\t\t\t\t<\/div>\n\t\t\t\t<\/div>\n\t\t\t\t\t<\/div>\n\t\t\t\t<\/div>\n\t\t<div class=\"elementor-element elementor-element-ba26d35 e-flex e-con-boxed e-con e-parent\" data-id=\"ba26d35\" data-element_type=\"container\" data-settings=\"{&quot;content_width&quot;:&quot;boxed&quot;}\" data-core-v316-plus=\"true\">\n\t\t\t\t\t<div class=\"e-con-inner\">\n\t\t<div class=\"elementor-element elementor-element-2b6f2a9 e-con-full e-flex e-con e-child\" data-id=\"2b6f2a9\" data-element_type=\"container\" data-settings=\"{&quot;content_width&quot;:&quot;full&quot;}\">\n\t\t\t\t<div class=\"elementor-element elementor-element-5fa8ed6 elementor-widget elementor-widget-text-editor\" data-id=\"5fa8ed6\" data-element_type=\"widget\" data-widget_type=\"text-editor.default\">\n\t\t\t\t<div class=\"elementor-widget-container\">\n\t\t\t\t\t\t\t<p><strong>Toute r\u00e9servation est pr\u00e9c\u00e9d\u00e9e d&#8217;un entretien t\u00e9l\u00e9phonique.\u00a0<\/strong><\/p><p>Infos et r\u00e9servation : 06.16.36.54.19<\/p><p>e.todini4pattesamodeler@hotmail.com<\/p>\t\t\t\t\t\t<\/div>\n\t\t\t\t<\/div>\n\t\t\t\t<\/div>\n\t\t<div class=\"elementor-element elementor-element-55319f8 e-con-full e-flex e-con e-child\" data-id=\"55319f8\" data-element_type=\"container\" data-settings=\"{&quot;content_width&quot;:&quot;full&quot;}\">\n\t\t\t\t<div class=\"elementor-element elementor-element-cc58bfc elementor-widget elementor-widget-text-editor\" data-id=\"cc58bfc\" data-element_type=\"widget\" data-widget_type=\"text-editor.default\">\n\t\t\t\t<div class=\"elementor-widget-container\">\n\t\t\t\t\t\t\t<p><span style=\"text-decoration: underline;\"><em><strong>Suppl\u00e9ments<\/strong><\/em><\/span> :\u00a0<\/p><p>*Les s\u00e9ances peuvent se d\u00e9rouler en anglais, espagnol et italien, sans suppl\u00e9ment. Un suppl\u00e9ment de 5\u20ac sera demand\u00e9 pour les comptes rendus de bilan r\u00e9dig\u00e9s en langue \u00e9trang\u00e8re.\u00a0<\/p><p>*Forfait kilom\u00e9trique de bilan : 5\u20ac par tranche de 10km au-del\u00e0 de 15km de Fontenay-Le-Fleury<\/p>\t\t\t\t\t\t<\/div>\n\t\t\t\t<\/div>\n\t\t\t\t<\/div>\n\t\t\t\t\t<\/div>\n\t\t\t\t<\/div>\n\t\t<div class=\"elementor-element elementor-element-d6977a7 e-flex e-con-boxed e-con e-parent\" data-id=\"d6977a7\" data-element_type=\"container\" data-settings=\"{&quot;content_width&quot;:&quot;boxed&quot;}\" data-core-v316-plus=\"true\">\n\t\t\t\t\t<div class=\"e-con-inner\">\n\t\t\t\t<div class=\"elementor-element elementor-element-3e9cca6 elementor-widget elementor-widget-text-editor\" data-id=\"3e9cca6\" data-element_type=\"widget\" data-widget_type=\"text-editor.default\">\n\t\t\t\t<div class=\"elementor-widget-container\">\n\t\t\t\t\t\t\t<p><span style=\"text-decoration: underline; color: #ff0000;\"><em><strong>FOCUS SEANCE INDIVIDUELLE<\/strong><\/em><\/span><\/p><p>Les s\u00e9ances individuelles ont pour objectif de vous coacher avec votre chien. Pendant cette heure, je vous corrige (et f\u00e9licite!) et vous donne des conseils sur les bons gestes \u00e0 adopter. Le travail effectu\u00e9 lors de la s\u00e9ance ne repr\u00e9sente que la pointe de l&#8217;iceberg : entre 2 cours, vous aurez des devoirs \u00e0 faire tous seuls! Oui, car c&#8217;est vous qui vivez 24h\/24 avec votre chien et vous n&#8217;obtiendrez des r\u00e9sultats qu&#8217;au bout d&#8217;un travail r\u00e9gulier.<\/p>\t\t\t\t\t\t<\/div>\n\t\t\t\t<\/div>\n\t\t\t\t\t<\/div>\n\t\t\t\t<\/div>\n\t\t<div class=\"elementor-element elementor-element-2f3f6f5 e-flex e-con-boxed e-con e-parent\" data-id=\"2f3f6f5\" data-element_type=\"container\" data-settings=\"{&quot;content_width&quot;:&quot;boxed&quot;}\" data-core-v316-plus=\"true\">\n\t\t\t\t\t<div class=\"e-con-inner\">\n\t\t\t\t<div class=\"elementor-element elementor-element-d8e9c80 elementor-widget elementor-widget-text-editor\" data-id=\"d8e9c80\" data-element_type=\"widget\" data-widget_type=\"text-editor.default\">\n\t\t\t\t<div class=\"elementor-widget-container\">\n\t\t\t\t\t\t\t<p><span style=\"text-decoration: underline; color: #ff0000;\"><em><strong>FOCUS VISITE CHAT\/CHIEN<\/strong><\/em><\/span><\/p><p>Suite \u00e0 des d\u00e9fauts de paiement, les s\u00e9ances devront \u00eatre r\u00e9gl\u00e9es avant toute prestation.<\/p>\t\t\t\t\t\t<\/div>\n\t\t\t\t<\/div>\n\t\t\t\t\t<\/div>\n\t\t\t\t<\/div>\n\t\t\t\t\t\t\t<\/div>\n\t\t","protected":false},"excerpt":{"rendered":"<p>Avant toute r\u00e9servation, je vous invite \u00e0 lire attentivement les mentions l\u00e9gales. *Compte tenu des&#8230;<\/p>\n","protected":false},"author":1,"featured_media":0,"parent":0,"menu_order":0,"comment_status":"closed","ping_status":"open","template":"","meta":{"footnotes":""},"class_list":["post-2","page","type-page","status-publish","hentry"],"_links":{"self":[{"href":"https:\/\/4pattesamodeler.com\/index.php?rest_route=\/wp\/v2\/pages\/2","targetHints":{"allow":["GET"]}}],"collection":[{"href":"https:\/\/4pattesamodeler.com\/index.php?rest_route=\/wp\/v2\/pages"}],"about":[{"href":"https:\/\/4pattesamodeler.com\/index.php?rest_route=\/wp\/v2\/types\/page"}],"author":[{"embeddable":true,"href":"https:\/\/4pattesamodeler.com\/index.php?rest_route=\/wp\/v2\/users\/1"}],"replies":[{"embeddable":true,"href":"https:\/\/4pattesamodeler.com\/index.php?rest_route=%2Fwp%2Fv2%2Fcomments&post=2"}],"version-history":[{"count":5,"href":"https:\/\/4pattesamodeler.com\/index.php?rest_route=\/wp\/v2\/pages\/2\/revisions"}],"predecessor-version":[{"id":1359,"href":"https:\/\/4pattesamodeler.com\/index.php?rest_route=\/wp\/v2\/pages\/2\/revisions\/1359"}],"wp:attachment":[{"href":"https:\/\/4pattesamodeler.com\/index.php?rest_route=%2Fwp%2Fv2%2Fmedia&parent=2"}],"curies":[{"name":"wp","href":"https:\/\/api.w.org\/{rel}","templated":true}]}}