{"id":1257,"date":"2025-12-12T19:10:17","date_gmt":"2025-12-12T19:10:17","guid":{"rendered":"https:\/\/4pattesamodeler.com\/?page_id=1257"},"modified":"2025-12-12T19:12:53","modified_gmt":"2025-12-12T19:12:53","slug":"ateliers-pros-particuliers","status":"publish","type":"page","link":"https:\/\/4pattesamodeler.com\/?page_id=1257","title":{"rendered":"Ateliers Pros &amp; Particuliers"},"content":{"rendered":"\t\t<div data-elementor-type=\"wp-page\" data-elementor-id=\"1257\" class=\"elementor elementor-1257\">\n\t\t\t\t\t\t\t<div class=\"elementor-element elementor-element-387216c e-flex e-con-boxed e-con e-parent\" data-id=\"387216c\" data-element_type=\"container\" data-settings=\"{&quot;content_width&quot;:&quot;boxed&quot;}\" data-core-v316-plus=\"true\">\n\t\t\t\t\t<div class=\"e-con-inner\">\n\t\t<div class=\"elementor-element elementor-element-6bd0b57 e-con-full e-flex e-con e-child\" data-id=\"6bd0b57\" data-element_type=\"container\" data-settings=\"{&quot;content_width&quot;:&quot;full&quot;}\">\n\t\t\t\t<div class=\"elementor-element elementor-element-81de726 elementor-widget elementor-widget-text-editor\" data-id=\"81de726\" data-element_type=\"widget\" data-widget_type=\"text-editor.default\">\n\t\t\t\t<div class=\"elementor-widget-container\">\n\t\t\t<style>\/*! elementor - v3.18.0 - 20-12-2023 *\/\n.elementor-widget-text-editor.elementor-drop-cap-view-stacked .elementor-drop-cap{background-color:#69727d;color:#fff}.elementor-widget-text-editor.elementor-drop-cap-view-framed .elementor-drop-cap{color:#69727d;border:3px solid;background-color:transparent}.elementor-widget-text-editor:not(.elementor-drop-cap-view-default) .elementor-drop-cap{margin-top:8px}.elementor-widget-text-editor:not(.elementor-drop-cap-view-default) .elementor-drop-cap-letter{width:1em;height:1em}.elementor-widget-text-editor .elementor-drop-cap{float:left;text-align:center;line-height:1;font-size:50px}.elementor-widget-text-editor .elementor-drop-cap-letter{display:inline-block}<\/style>\t\t\t\t<p><span class=\"html-span xexx8yu xyri2b x18d9i69 x1c1uobl x1hl2dhg x16tdsg8 x1vvkbs x3nfvp2 x1j61x8r x1fcty0u xdj266r xat24cr xm2jcoa x1mpyi22 xxymvpz xlup9mm x1kky2od\"><img decoding=\"async\" class=\"xz74otr x15mokao x1ga7v0g x16uus16 xbiv7yw\" src=\"https:\/\/static.xx.fbcdn.net\/images\/emoji.php\/v9\/tf0\/1\/16\/1f338.png\" alt=\"\ud83c\udf38\" width=\"16\" height=\"16\"><\/span>&nbsp;NOUVEAUT\u00c9 2026<span class=\"html-span xexx8yu xyri2b x18d9i69 x1c1uobl x1hl2dhg x16tdsg8 x1vvkbs x3nfvp2 x1j61x8r x1fcty0u xdj266r xat24cr xm2jcoa x1mpyi22 xxymvpz xlup9mm x1kky2od\"><img decoding=\"async\" class=\"xz74otr x15mokao x1ga7v0g x16uus16 xbiv7yw\" src=\"https:\/\/static.xx.fbcdn.net\/images\/emoji.php\/v9\/tf0\/1\/16\/1f338.png\" alt=\"\ud83c\udf38\" width=\"16\" height=\"16\"><\/span><br class=\"html-br\">Tu souhaites enrichir le quotidien de tes animaux ou de ceux que tu as en garde mais ne sais pas comment faire ?<br class=\"html-br\"><br class=\"html-br\">\u00c0 partir de janvier, je proposerai des ateliers th\u00e9oriques et pratiques pour t&#8217;apprendre \u00e0 cr\u00e9er un jardin sensoriel ext\u00e9rieur ET int\u00e9rieur&nbsp;<span class=\"html-span xexx8yu xyri2b x18d9i69 x1c1uobl x1hl2dhg x16tdsg8 x1vvkbs x3nfvp2 x1j61x8r x1fcty0u xdj266r xat24cr xm2jcoa x1mpyi22 xxymvpz xlup9mm x1kky2od\"><img decoding=\"async\" class=\"xz74otr x15mokao x1ga7v0g x16uus16 xbiv7yw\" src=\"https:\/\/static.xx.fbcdn.net\/images\/emoji.php\/v9\/t58\/1\/16\/1f929.png\" alt=\"\ud83e\udd29\" width=\"16\" height=\"16\"><\/span><span class=\"html-span xexx8yu xyri2b x18d9i69 x1c1uobl x1hl2dhg x16tdsg8 x1vvkbs x3nfvp2 x1j61x8r x1fcty0u xdj266r xat24cr xm2jcoa x1mpyi22 xxymvpz xlup9mm x1kky2od\"><img decoding=\"async\" class=\"xz74otr x15mokao x1ga7v0g x16uus16 xbiv7yw\" src=\"https:\/\/static.xx.fbcdn.net\/images\/emoji.php\/v9\/t58\/1\/16\/1f929.png\" alt=\"\ud83e\udd29\" width=\"16\" height=\"16\"><\/span><br class=\"html-br\"><br class=\"html-br\">Les ateliers s&#8217;adressent aux professionnels comme aux particuliers&nbsp;<span class=\"html-span xexx8yu xyri2b x18d9i69 x1c1uobl x1hl2dhg x16tdsg8 x1vvkbs x3nfvp2 x1j61x8r x1fcty0u xdj266r xat24cr xm2jcoa x1mpyi22 xxymvpz xlup9mm x1kky2od\"><img decoding=\"async\" class=\"xz74otr x15mokao x1ga7v0g x16uus16 xbiv7yw\" src=\"https:\/\/static.xx.fbcdn.net\/images\/emoji.php\/v9\/t49\/1\/16\/1faf6.png\" alt=\"\ud83e\udef6\" width=\"16\" height=\"16\"><\/span>&nbsp;pour chiens, chats chevaux mais pas que!<\/p><p>Compte tenu du caract\u00e8re personnalis\u00e9, les ateliers seront propos\u00e9s sur devis.&nbsp;<\/p>\t\t\t\t\t\t<\/div>\n\t\t\t\t<\/div>\n\t\t\t\t<\/div>\n\t\t<div class=\"elementor-element elementor-element-6e11927 e-con-full e-flex e-con e-child\" data-id=\"6e11927\" data-element_type=\"container\" data-settings=\"{&quot;content_width&quot;:&quot;full&quot;}\">\n\t\t\t\t<div class=\"elementor-element elementor-element-1c1333b elementor-widget elementor-widget-image\" data-id=\"1c1333b\" data-element_type=\"widget\" data-widget_type=\"image.default\">\n\t\t\t\t<div class=\"elementor-widget-container\">\n\t\t\t<style>\/*! elementor - v3.18.0 - 20-12-2023 *\/\n.elementor-widget-image{text-align:center}.elementor-widget-image a{display:inline-block}.elementor-widget-image a img[src$=\".svg\"]{width:48px}.elementor-widget-image img{vertical-align:middle;display:inline-block}<\/style>\t\t\t\t\t\t\t\t\t\t\t\t<img loading=\"lazy\" decoding=\"async\" width=\"640\" height=\"905\" src=\"https:\/\/4pattesamodeler.com\/wp-content\/uploads\/2025\/12\/Brown-and-White-Minimalist-Wedding-Decoration-Services-Poster-724x1024.png\" class=\"attachment-large size-large wp-image-1259\" alt=\"\" srcset=\"https:\/\/4pattesamodeler.com\/wp-content\/uploads\/2025\/12\/Brown-and-White-Minimalist-Wedding-Decoration-Services-Poster-724x1024.png 724w, https:\/\/4pattesamodeler.com\/wp-content\/uploads\/2025\/12\/Brown-and-White-Minimalist-Wedding-Decoration-Services-Poster-212x300.png 212w, https:\/\/4pattesamodeler.com\/wp-content\/uploads\/2025\/12\/Brown-and-White-Minimalist-Wedding-Decoration-Services-Poster-768x1086.png 768w, https:\/\/4pattesamodeler.com\/wp-content\/uploads\/2025\/12\/Brown-and-White-Minimalist-Wedding-Decoration-Services-Poster-1086x1536.png 1086w, https:\/\/4pattesamodeler.com\/wp-content\/uploads\/2025\/12\/Brown-and-White-Minimalist-Wedding-Decoration-Services-Poster-1448x2048.png 1448w, https:\/\/4pattesamodeler.com\/wp-content\/uploads\/2025\/12\/Brown-and-White-Minimalist-Wedding-Decoration-Services-Poster-300x424.png 300w, https:\/\/4pattesamodeler.com\/wp-content\/uploads\/2025\/12\/Brown-and-White-Minimalist-Wedding-Decoration-Services-Poster-850x1202.png 850w, https:\/\/4pattesamodeler.com\/wp-content\/uploads\/2025\/12\/Brown-and-White-Minimalist-Wedding-Decoration-Services-Poster.png 1587w\" sizes=\"(max-width: 640px) 100vw, 640px\" \/>\t\t\t\t\t\t\t\t\t\t\t\t\t\t\t<\/div>\n\t\t\t\t<\/div>\n\t\t\t\t<\/div>\n\t\t\t\t\t<\/div>\n\t\t\t\t<\/div>\n\t\t\t\t\t\t\t<\/div>\n\t\t","protected":false},"excerpt":{"rendered":"<p>&nbsp;NOUVEAUT\u00c9 2026Tu souhaites enrichir le quotidien de tes animaux ou de ceux que tu as&#8230;<\/p>\n","protected":false},"author":1,"featured_media":0,"parent":0,"menu_order":0,"comment_status":"closed","ping_status":"closed","template":"","meta":{"footnotes":""},"class_list":["post-1257","page","type-page","status-publish","hentry"],"_links":{"self":[{"href":"https:\/\/4pattesamodeler.com\/index.php?rest_route=\/wp\/v2\/pages\/1257","targetHints":{"allow":["GET"]}}],"collection":[{"href":"https:\/\/4pattesamodeler.com\/index.php?rest_route=\/wp\/v2\/pages"}],"about":[{"href":"https:\/\/4pattesamodeler.com\/index.php?rest_route=\/wp\/v2\/types\/page"}],"author":[{"embeddable":true,"href":"https:\/\/4pattesamodeler.com\/index.php?rest_route=\/wp\/v2\/users\/1"}],"replies":[{"embeddable":true,"href":"https:\/\/4pattesamodeler.com\/index.php?rest_route=%2Fwp%2Fv2%2Fcomments&post=1257"}],"version-history":[{"count":5,"href":"https:\/\/4pattesamodeler.com\/index.php?rest_route=\/wp\/v2\/pages\/1257\/revisions"}],"predecessor-version":[{"id":1265,"href":"https:\/\/4pattesamodeler.com\/index.php?rest_route=\/wp\/v2\/pages\/1257\/revisions\/1265"}],"wp:attachment":[{"href":"https:\/\/4pattesamodeler.com\/index.php?rest_route=%2Fwp%2Fv2%2Fmedia&parent=1257"}],"curies":[{"name":"wp","href":"https:\/\/api.w.org\/{rel}","templated":true}]}}